{"id":566,"date":"2017-05-14T14:09:29","date_gmt":"2017-05-14T12:09:29","guid":{"rendered":"http:\/\/www.reibu.de\/test\/wordpress\/?page_id=566"},"modified":"2021-12-03T14:59:41","modified_gmt":"2021-12-03T13:59:41","slug":"winkel-abkuehltisch","status":"publish","type":"page","link":"https:\/\/www.reibu.de\/en\/biegen-von-kunststoffplatten\/winkel-abkuehltisch\/","title":{"rendered":"Angle cooling table"},"content":{"rendered":"<div class=\"vc_row wpb_row vc_row-fluid vc_custom_1486212918178\"><div class=\"wpb_column vc_column_container vc_col-sm-12\"><div class=\"vc_column-inner\"><div class=\"wpb_wrapper\"><div class=\"wpb_revslider_element wpb_content_element [rev_slider alias=&quot;Winkel-Abkhltisch&quot;][\/rev_slider]\">\n\t\t\t<!-- START WinkelAbk\u00fchltische REVOLUTION SLIDER 6.5.6 --><p class=\"rs-p-wp-fix\"><\/p>\n\t\t\t<rs-module-wrap id=\"rev_slider_2_1_wrapper\" data-source=\"gallery\" style=\"visibility:hidden;background:transparent;padding:0;margin:0px auto;margin-top:0;margin-bottom:0;max-width:;\">\n\t\t\t\t<rs-module id=\"rev_slider_2_1\" style data-version=\"6.5.6\">\n\t\t\t\t\t<rs-slides>\n\t\t\t\t\t\t<rs-slide style=\"position: absolute;\" data-key=\"rs-12\" data-title=\"Slide\" data-thumb=\"\/\/www.reibu.de\/test\/wordpress\/wp-content\/uploads\/2021\/12\/Abkuehltisch1-100x50.jpg\" data-in=\"o:0;\" data-out=\"a:false;\">\n\t\t\t\t\t\t\t<noscript><img fetchpriority=\"high\" decoding=\"async\" src=\"\/\/www.reibu.de\/test\/wordpress\/wp-content\/plugins\/revslider\/public\/assets\/assets\/dummy.png\" alt=\"Abk\u00fchltisch zum Biegen von Kunststoffplatten z.b. PMMA, Polycarbonat\" title=\"Abk\u00fchltisch1\" width=\"800\" height=\"600\" class=\"rev-slidebg tp-rs-img rs-lazyload\" data-lazyload=\"\/\/www.reibu.de\/test\/wordpress\/wp-content\/uploads\/2021\/12\/Abkuehltisch1.jpg\" data-no-retina><\/noscript><img fetchpriority=\"high\" decoding=\"async\" src=\"data:image\/svg+xml,%3Csvg%20xmlns%3D%22http%3A%2F%2Fwww.w3.org%2F2000%2Fsvg%22%20viewBox%3D%220%200%20800%20600%22%3E%3C%2Fsvg%3E\" alt=\"Abk\u00fchltisch zum Biegen von Kunststoffplatten z.b. PMMA, Polycarbonat\" title=\"Abk\u00fchltisch1\" width=\"800\" height=\"600\" class=\"rev-slidebg tp-rs-img rs-lazyload lazyload\" data-lazyload=\"\/\/www.reibu.de\/test\/wordpress\/wp-content\/uploads\/2021\/12\/Abkuehltisch1.jpg\" data-no-retina data-src=\"\/\/www.reibu.de\/test\/wordpress\/wp-content\/plugins\/revslider\/public\/assets\/assets\/dummy.png\">\n<!---->\t\t\t\t\t\t<\/rs-slide>\n\t\t\t\t\t\t<rs-slide style=\"position: absolute;\" data-key=\"rs-13\" data-title=\"Slide\" data-thumb=\"\/\/www.reibu.de\/test\/wordpress\/wp-content\/uploads\/2021\/12\/Abkuehltisch2-100x50.jpg\" data-in=\"o:0;\" data-out=\"a:false;\">\n\t\t\t\t\t\t\t<noscript><img decoding=\"async\" src=\"\/\/www.reibu.de\/test\/wordpress\/wp-content\/plugins\/revslider\/public\/assets\/assets\/dummy.png\" alt=\"Abk\u00fchltisch zum Biegen von Kunststoffplatten z.b. PMMA, Polycarbonat\" title=\"Abk\u00fchltisch2\" width=\"800\" height=\"600\" class=\"rev-slidebg tp-rs-img rs-lazyload\" data-lazyload=\"\/\/www.reibu.de\/test\/wordpress\/wp-content\/uploads\/2021\/12\/Abkuehltisch2.jpg\" data-no-retina><\/noscript><img decoding=\"async\" src=\"data:image\/svg+xml,%3Csvg%20xmlns%3D%22http%3A%2F%2Fwww.w3.org%2F2000%2Fsvg%22%20viewBox%3D%220%200%20800%20600%22%3E%3C%2Fsvg%3E\" alt=\"Abk\u00fchltisch zum Biegen von Kunststoffplatten z.b. PMMA, Polycarbonat\" title=\"Abk\u00fchltisch2\" width=\"800\" height=\"600\" class=\"rev-slidebg tp-rs-img rs-lazyload lazyload\" data-lazyload=\"\/\/www.reibu.de\/test\/wordpress\/wp-content\/uploads\/2021\/12\/Abkuehltisch2.jpg\" data-no-retina data-src=\"\/\/www.reibu.de\/test\/wordpress\/wp-content\/plugins\/revslider\/public\/assets\/assets\/dummy.png\">\n<!---->\t\t\t\t\t\t<\/rs-slide>\n\t\t\t\t\t\t<rs-slide style=\"position: absolute;\" data-key=\"rs-14\" data-title=\"Slide\" data-thumb=\"\/\/www.reibu.de\/test\/wordpress\/wp-content\/uploads\/2021\/12\/Abkuehltisch3-100x50.jpg\" data-in=\"o:0;\" data-out=\"a:false;\">\n\t\t\t\t\t\t\t<noscript><img decoding=\"async\" src=\"\/\/www.reibu.de\/test\/wordpress\/wp-content\/plugins\/revslider\/public\/assets\/assets\/dummy.png\" alt=\"Abk\u00fchltisch zum Biegen von Kunststoffplatten z.b. PMMA, Polycarbonat\" title=\"Abk\u00fchltisch3\" width=\"800\" height=\"600\" class=\"rev-slidebg tp-rs-img rs-lazyload\" data-lazyload=\"\/\/www.reibu.de\/test\/wordpress\/wp-content\/uploads\/2021\/12\/Abkuehltisch3.jpg\" data-no-retina><\/noscript><img decoding=\"async\" src=\"data:image\/svg+xml,%3Csvg%20xmlns%3D%22http%3A%2F%2Fwww.w3.org%2F2000%2Fsvg%22%20viewBox%3D%220%200%20800%20600%22%3E%3C%2Fsvg%3E\" alt=\"Abk\u00fchltisch zum Biegen von Kunststoffplatten z.b. PMMA, Polycarbonat\" title=\"Abk\u00fchltisch3\" width=\"800\" height=\"600\" class=\"rev-slidebg tp-rs-img rs-lazyload lazyload\" data-lazyload=\"\/\/www.reibu.de\/test\/wordpress\/wp-content\/uploads\/2021\/12\/Abkuehltisch3.jpg\" data-no-retina data-src=\"\/\/www.reibu.de\/test\/wordpress\/wp-content\/plugins\/revslider\/public\/assets\/assets\/dummy.png\">\n<!---->\t\t\t\t\t\t<\/rs-slide>\n\t\t\t\t\t\t<rs-slide style=\"position: absolute;\" data-key=\"rs-15\" data-title=\"Slide\" data-thumb=\"\/\/www.reibu.de\/test\/wordpress\/wp-content\/uploads\/2021\/12\/Abkuehltisch4-100x50.jpg\" data-in=\"o:0;\" data-out=\"a:false;\">\n\t\t\t\t\t\t\t<noscript><img loading=\"lazy\" decoding=\"async\" src=\"\/\/www.reibu.de\/test\/wordpress\/wp-content\/plugins\/revslider\/public\/assets\/assets\/dummy.png\" alt=\"Abk\u00fchltisch zum Biegen von Kunststoffplatten z.b. PMMA, Polycarbonat\" title=\"Abk\u00fchltisch4\" width=\"800\" height=\"600\" class=\"rev-slidebg tp-rs-img rs-lazyload\" data-lazyload=\"\/\/www.reibu.de\/test\/wordpress\/wp-content\/uploads\/2021\/12\/Abkuehltisch4.jpg\" data-bg=\"p:center top;\" data-no-retina><\/noscript><img loading=\"lazy\" decoding=\"async\" src=\"data:image\/svg+xml,%3Csvg%20xmlns%3D%22http%3A%2F%2Fwww.w3.org%2F2000%2Fsvg%22%20viewBox%3D%220%200%20800%20600%22%3E%3C%2Fsvg%3E\" alt=\"Abk\u00fchltisch zum Biegen von Kunststoffplatten z.b. PMMA, Polycarbonat\" title=\"Abk\u00fchltisch4\" width=\"800\" height=\"600\" class=\"rev-slidebg tp-rs-img rs-lazyload lazyload\" data-lazyload=\"\/\/www.reibu.de\/test\/wordpress\/wp-content\/uploads\/2021\/12\/Abkuehltisch4.jpg\" data-bg=\"p:center top;\" data-no-retina data-src=\"\/\/www.reibu.de\/test\/wordpress\/wp-content\/plugins\/revslider\/public\/assets\/assets\/dummy.png\">\n<!---->\t\t\t\t\t\t<\/rs-slide>\n\t\t\t\t\t\t<rs-slide style=\"position: absolute;\" data-key=\"rs-37\" data-title=\"Slide\" data-thumb=\"\/\/www.reibu.de\/test\/wordpress\/wp-content\/uploads\/2021\/12\/Abkuehltisch5-100x50.jpg\" data-in=\"o:0;\" data-out=\"a:false;\">\n\t\t\t\t\t\t\t<noscript><img loading=\"lazy\" decoding=\"async\" src=\"\/\/www.reibu.de\/test\/wordpress\/wp-content\/plugins\/revslider\/public\/assets\/assets\/dummy.png\" alt=\"Abk\u00fchltisch zum Biegen von Kunststoffplatten z.b. PMMA, Polycarbonat\" title=\"Abk\u00fchltisch5\" width=\"800\" height=\"600\" class=\"rev-slidebg tp-rs-img rs-lazyload\" data-lazyload=\"\/\/www.reibu.de\/test\/wordpress\/wp-content\/uploads\/2021\/12\/Abkuehltisch5.jpg\" data-bg=\"p:center top;\" data-no-retina><\/noscript><img loading=\"lazy\" decoding=\"async\" src=\"data:image\/svg+xml,%3Csvg%20xmlns%3D%22http%3A%2F%2Fwww.w3.org%2F2000%2Fsvg%22%20viewBox%3D%220%200%20800%20600%22%3E%3C%2Fsvg%3E\" alt=\"Abk\u00fchltisch zum Biegen von Kunststoffplatten z.b. PMMA, Polycarbonat\" title=\"Abk\u00fchltisch5\" width=\"800\" height=\"600\" class=\"rev-slidebg tp-rs-img rs-lazyload lazyload\" data-lazyload=\"\/\/www.reibu.de\/test\/wordpress\/wp-content\/uploads\/2021\/12\/Abkuehltisch5.jpg\" data-bg=\"p:center top;\" data-no-retina data-src=\"\/\/www.reibu.de\/test\/wordpress\/wp-content\/plugins\/revslider\/public\/assets\/assets\/dummy.png\">\n<!---->\t\t\t\t\t\t<\/rs-slide>\n\t\t\t\t\t<\/rs-slides>\n\t\t\t\t<\/rs-module>\n\t\t\t\t<script type=\"text\/javascript\">\n\t\t\t\t\tsetREVStartSize({c: 'rev_slider_2_1',rl:[1240,1024,778,480],el:[800],gw:[1400],gh:[800],type:'standard',justify:'',layout:'fullwidth',mh:\"0\"});if (window.RS_MODULES!==undefined && window.RS_MODULES.modules!==undefined && window.RS_MODULES.modules[\"revslider21\"]!==undefined) {window.RS_MODULES.modules[\"revslider21\"].once = false;window.revapi2 = undefined;if (window.RS_MODULES.checkMinimal!==undefined) window.RS_MODULES.checkMinimal()}\n\t\t\t\t<\/script>\n\t\t\t<\/rs-module-wrap>\n\t\t\t<!-- END REVOLUTION SLIDER -->\n<\/div><\/div><\/div><\/div><\/div><div class=\"vc_row wpb_row vc_row-fluid\"><div class=\"wpb_column vc_column_container vc_col-sm-2\"><div class=\"vc_column-inner\"><div class=\"wpb_wrapper\"><\/div><\/div><\/div><div class=\"wpb_column vc_column_container vc_col-sm-8\"><div class=\"vc_column-inner\"><div class=\"wpb_wrapper\"><div class=\"fancy_heading fancy_heading_line\"><div class=\"fh-top\"><\/div><h2 class=\"title\">Angle cooling table<\/h2><\/div>\n\n\t<div class=\"wpb_text_column wpb_content_element\">\n\t\t<div class=\"wpb_wrapper\">\n\t\t\t<p><span style=\"font-size: 14pt;\">With our angle cooling table, professional cooling at the desired angle is no longer a problem. By simply adjusting the angle, the \"angle cooling table\" can quickly be ready for its next task.<\/span><\/p>\n\n\t\t<\/div>\n\t<\/div>\n<\/div><\/div><\/div><div class=\"wpb_column vc_column_container vc_col-sm-2\"><div class=\"vc_column-inner\"><div class=\"wpb_wrapper\"><\/div><\/div><\/div><\/div><div class=\"vc_row wpb_row vc_row-fluid\"><div class=\"wpb_column vc_column_container vc_col-sm-2\"><div class=\"vc_column-inner\"><div class=\"wpb_wrapper\"><\/div><\/div><\/div><div class=\"wpb_column vc_column_container vc_col-sm-4\"><div class=\"vc_column-inner\"><div class=\"wpb_wrapper\">\n\t<div class=\"wpb_raw_code wpb_content_element wpb_raw_html\">\n\t\t<div class=\"wpb_wrapper\">\n\t\t\t<dl>\n\n<dt>Angle<\/dt>\n\n<dd>from 0\u00b0 to 130\u00b0<\/dd>\n\n<dt>Lengths<\/dt>\n\n<dd>1100mm \/ 2100mm \/ 3100mm<\/dd>\n\n<dt>Table depth<\/dt>\n\n<dd>Standard: 1000mm (can be changed on request)<\/dd>\n\n<\/dl>\n\t\t<\/div>\n\t<\/div>\n<\/div><\/div><\/div><div class=\"wpb_column vc_column_container vc_col-sm-4\"><div class=\"vc_column-inner\"><div class=\"wpb_wrapper\">\n\t<div class=\"wpb_text_column wpb_content_element\">\n\t\t<div class=\"wpb_wrapper\">\n\t\t\t<p><span style=\"font-size: 18pt;\">Equipment<\/span><\/p>\n\n\t\t<\/div>\n\t<\/div>\n\n\t<div class=\"wpb_raw_code wpb_content_element wpb_raw_html vc_custom_1492714540989\">\n\t\t<div class=\"wpb_wrapper\">\n\t\t\t<ol> \n<li>Adjustable stop with analog dimension display<\/li> \n<li>Adjustable angle with analog angle display<\/li> \n<li>Equipped with transport rollers<\/li> \n<li>Optional digital angle display <\/li> \n\n<\/ol>\n\t\t<\/div>\n\t<\/div>\n<\/div><\/div><\/div><div class=\"wpb_column vc_column_container vc_col-sm-2\"><div class=\"vc_column-inner\"><div class=\"wpb_wrapper\"><\/div><\/div><\/div><\/div>","protected":false},"excerpt":{"rendered":"Winkel-Abk\u00fchltisch Mit unserem Winkel-Abk\u00fchltisch ist professionelles Abk\u00fchlen im gew\u00fcnschten Winkel kein Problem mehr. Durch einfaches Einstellen des Winkels kann der Winkel-Abk\u00fchltisch schnell auf seine n\u00e4chste Aufgabe<span class=\"excerpt-hellip\"> [\u2026]<\/span>","protected":false},"author":1,"featured_media":0,"parent":5,"menu_order":0,"comment_status":"closed","ping_status":"closed","template":"","meta":{"footnotes":""},"class_list":["post-566","page","type-page","status-publish","hentry"],"yoast_head":"<!-- This site is optimized with the Yoast SEO plugin v24.8.1 - https:\/\/yoast.com\/wordpress\/plugins\/seo\/ -->\n<title>Winkel-Abk\u00fchltisch - Reichel Bubenheimer<\/title>\n<meta name=\"robots\" content=\"index, follow, max-snippet:-1, max-image-preview:large, max-video-preview:-1\" \/>\n<link rel=\"canonical\" href=\"https:\/\/www.reibu.de\/en\/biegen-von-kunststoffplatten\/winkel-abkuehltisch\/\" \/>\n<meta name=\"twitter:label1\" content=\"Est. reading time\" \/>\n\t<meta name=\"twitter:data1\" content=\"1 minute\" \/>\n<script type=\"application\/ld+json\" class=\"yoast-schema-graph\">{\"@context\":\"https:\/\/schema.org\",\"@graph\":[{\"@type\":\"WebPage\",\"@id\":\"https:\/\/www.reibu.de\/biegen-von-kunststoffplatten\/winkel-abkuehltisch\/\",\"url\":\"https:\/\/www.reibu.de\/biegen-von-kunststoffplatten\/winkel-abkuehltisch\/\",\"name\":\"Winkel-Abk\u00fchltisch - Reichel Bubenheimer\",\"isPartOf\":{\"@id\":\"https:\/\/www.reibu.de\/#website\"},\"datePublished\":\"2017-05-14T12:09:29+00:00\",\"dateModified\":\"2021-12-03T13:59:41+00:00\",\"breadcrumb\":{\"@id\":\"https:\/\/www.reibu.de\/biegen-von-kunststoffplatten\/winkel-abkuehltisch\/#breadcrumb\"},\"inLanguage\":\"en-US\",\"potentialAction\":[{\"@type\":\"ReadAction\",\"target\":[\"https:\/\/www.reibu.de\/biegen-von-kunststoffplatten\/winkel-abkuehltisch\/\"]}]},{\"@type\":\"BreadcrumbList\",\"@id\":\"https:\/\/www.reibu.de\/biegen-von-kunststoffplatten\/winkel-abkuehltisch\/#breadcrumb\",\"itemListElement\":[{\"@type\":\"ListItem\",\"position\":1,\"name\":\"Startseite\",\"item\":\"https:\/\/www.reibu.de\/\"},{\"@type\":\"ListItem\",\"position\":2,\"name\":\"Biegen-von-Kunststoffplatten\",\"item\":\"https:\/\/www.reibu.de\/biegen-von-kunststoffplatten\/\"},{\"@type\":\"ListItem\",\"position\":3,\"name\":\"Winkel-Abk\u00fchltisch\"}]},{\"@type\":\"WebSite\",\"@id\":\"https:\/\/www.reibu.de\/#website\",\"url\":\"https:\/\/www.reibu.de\/\",\"name\":\"Reichel Bubenheimer\",\"description\":\"Acrylglasbearbeitung mit Reichel\",\"publisher\":{\"@id\":\"https:\/\/www.reibu.de\/#organization\"},\"potentialAction\":[{\"@type\":\"SearchAction\",\"target\":{\"@type\":\"EntryPoint\",\"urlTemplate\":\"https:\/\/www.reibu.de\/?s={search_term_string}\"},\"query-input\":{\"@type\":\"PropertyValueSpecification\",\"valueRequired\":true,\"valueName\":\"search_term_string\"}}],\"inLanguage\":\"en-US\"},{\"@type\":\"Organization\",\"@id\":\"https:\/\/www.reibu.de\/#organization\",\"name\":\"Reichel GmbH Bubenheimer Maschinen\",\"url\":\"https:\/\/www.reibu.de\/\",\"logo\":{\"@type\":\"ImageObject\",\"inLanguage\":\"en-US\",\"@id\":\"https:\/\/www.reibu.de\/#\/schema\/logo\/image\/\",\"url\":\"https:\/\/www.reibu.de\/test\/wordpress\/wp-content\/uploads\/2016\/12\/BWYU8348.jpg\",\"contentUrl\":\"https:\/\/www.reibu.de\/test\/wordpress\/wp-content\/uploads\/2016\/12\/BWYU8348.jpg\",\"width\":1649,\"height\":591,\"caption\":\"Reichel GmbH Bubenheimer Maschinen\"},\"image\":{\"@id\":\"https:\/\/www.reibu.de\/#\/schema\/logo\/image\/\"},\"sameAs\":[\"https:\/\/www.youtube.com\/channel\/UC-JIda3UAr2Hyp00L9spYTw\"]}]}<\/script>\n<!-- \/ Yoast SEO plugin. -->","yoast_head_json":{"title":"Winkel-Abk\u00fchltisch - Reichel Bubenheimer","robots":{"index":"index","follow":"follow","max-snippet":"max-snippet:-1","max-image-preview":"max-image-preview:large","max-video-preview":"max-video-preview:-1"},"canonical":"https:\/\/www.reibu.de\/en\/biegen-von-kunststoffplatten\/winkel-abkuehltisch\/","twitter_misc":{"Est. reading time":"1 minute"},"schema":{"@context":"https:\/\/schema.org","@graph":[{"@type":"WebPage","@id":"https:\/\/www.reibu.de\/biegen-von-kunststoffplatten\/winkel-abkuehltisch\/","url":"https:\/\/www.reibu.de\/biegen-von-kunststoffplatten\/winkel-abkuehltisch\/","name":"Winkel-Abk\u00fchltisch - Reichel Bubenheimer","isPartOf":{"@id":"https:\/\/www.reibu.de\/#website"},"datePublished":"2017-05-14T12:09:29+00:00","dateModified":"2021-12-03T13:59:41+00:00","breadcrumb":{"@id":"https:\/\/www.reibu.de\/biegen-von-kunststoffplatten\/winkel-abkuehltisch\/#breadcrumb"},"inLanguage":"en-US","potentialAction":[{"@type":"ReadAction","target":["https:\/\/www.reibu.de\/biegen-von-kunststoffplatten\/winkel-abkuehltisch\/"]}]},{"@type":"BreadcrumbList","@id":"https:\/\/www.reibu.de\/biegen-von-kunststoffplatten\/winkel-abkuehltisch\/#breadcrumb","itemListElement":[{"@type":"ListItem","position":1,"name":"Startseite","item":"https:\/\/www.reibu.de\/"},{"@type":"ListItem","position":2,"name":"Biegen-von-Kunststoffplatten","item":"https:\/\/www.reibu.de\/biegen-von-kunststoffplatten\/"},{"@type":"ListItem","position":3,"name":"Winkel-Abk\u00fchltisch"}]},{"@type":"WebSite","@id":"https:\/\/www.reibu.de\/#website","url":"https:\/\/www.reibu.de\/","name":"Reichel Bubenheimer","description":"Acrylglasbearbeitung mit Reichel","publisher":{"@id":"https:\/\/www.reibu.de\/#organization"},"potentialAction":[{"@type":"SearchAction","target":{"@type":"EntryPoint","urlTemplate":"https:\/\/www.reibu.de\/?s={search_term_string}"},"query-input":{"@type":"PropertyValueSpecification","valueRequired":true,"valueName":"search_term_string"}}],"inLanguage":"en-US"},{"@type":"Organization","@id":"https:\/\/www.reibu.de\/#organization","name":"Reichel GmbH Bubenheimer Maschinen","url":"https:\/\/www.reibu.de\/","logo":{"@type":"ImageObject","inLanguage":"en-US","@id":"https:\/\/www.reibu.de\/#\/schema\/logo\/image\/","url":"https:\/\/www.reibu.de\/test\/wordpress\/wp-content\/uploads\/2016\/12\/BWYU8348.jpg","contentUrl":"https:\/\/www.reibu.de\/test\/wordpress\/wp-content\/uploads\/2016\/12\/BWYU8348.jpg","width":1649,"height":591,"caption":"Reichel GmbH Bubenheimer Maschinen"},"image":{"@id":"https:\/\/www.reibu.de\/#\/schema\/logo\/image\/"},"sameAs":["https:\/\/www.youtube.com\/channel\/UC-JIda3UAr2Hyp00L9spYTw"]}]}},"jetpack_shortlink":"https:\/\/wp.me\/Pcq0RY-98","jetpack_sharing_enabled":true,"_links":{"self":[{"href":"https:\/\/www.reibu.de\/en\/wp-json\/wp\/v2\/pages\/566","targetHints":{"allow":["GET"]}}],"collection":[{"href":"https:\/\/www.reibu.de\/en\/wp-json\/wp\/v2\/pages"}],"about":[{"href":"https:\/\/www.reibu.de\/en\/wp-json\/wp\/v2\/types\/page"}],"author":[{"embeddable":true,"href":"https:\/\/www.reibu.de\/en\/wp-json\/wp\/v2\/users\/1"}],"replies":[{"embeddable":true,"href":"https:\/\/www.reibu.de\/en\/wp-json\/wp\/v2\/comments?post=566"}],"version-history":[{"count":6,"href":"https:\/\/www.reibu.de\/en\/wp-json\/wp\/v2\/pages\/566\/revisions"}],"predecessor-version":[{"id":1061,"href":"https:\/\/www.reibu.de\/en\/wp-json\/wp\/v2\/pages\/566\/revisions\/1061"}],"up":[{"embeddable":true,"href":"https:\/\/www.reibu.de\/en\/wp-json\/wp\/v2\/pages\/5"}],"wp:attachment":[{"href":"https:\/\/www.reibu.de\/en\/wp-json\/wp\/v2\/media?parent=566"}],"curies":[{"name":"wp","href":"https:\/\/api.w.org\/{rel}","templated":true}]}}