{"id":56,"date":"2016-12-03T15:29:44","date_gmt":"2016-12-03T14:29:44","guid":{"rendered":"http:\/\/www.reibu.de\/test\/wordpress\/?page_id=56"},"modified":"2017-04-17T20:04:52","modified_gmt":"2017-04-17T18:04:52","slug":"flammpoliergeraet","status":"publish","type":"page","link":"https:\/\/www.reibu.de\/en\/polieren\/flammpoliergeraet\/","title":{"rendered":"Flame polisher"},"content":{"rendered":"<div class=\"vc_row wpb_row vc_row-fluid\"><div class=\"wpb_column vc_column_container vc_col-sm-12\"><div class=\"vc_column-inner\"><div class=\"wpb_wrapper\"><div class=\"fancy_heading fancy_heading_line\"><div class=\"fh-top\"><\/div><h2 class=\"title\">Flame polisher<\/h2><\/div>\n<\/div><\/div><\/div><\/div><div class=\"vc_row wpb_row vc_row-fluid\"><div class=\"wpb_column vc_column_container vc_col-sm-6\"><div class=\"vc_column-inner\"><div class=\"wpb_wrapper\"><div class=\"wpb_revslider_element wpb_content_element\">\n\t\t\t<!-- START Flammpolierger\u00e4t REVOLUTION SLIDER 6.5.6 --><p class=\"rs-p-wp-fix\"><\/p>\n\t\t\t<rs-module-wrap id=\"rev_slider_3_1_wrapper\" data-source=\"gallery\" style=\"visibility:hidden;background:transparent;padding:0;margin:0px auto;margin-top:0;margin-bottom:0;max-width:;\">\n\t\t\t\t<rs-module id=\"rev_slider_3_1\" style data-version=\"6.5.6\">\n\t\t\t\t\t<rs-slides>\n\t\t\t\t\t\t<rs-slide style=\"position: absolute;\" data-key=\"rs-16\" data-title=\"Slide\" data-thumb=\"\/\/www.reibu.de\/test\/wordpress\/wp-content\/uploads\/2016\/12\/Flammpolierger\u00e4t-klein-scaled-100x50.jpg\" data-anim=\"ms:600;\" data-in=\"o:0;\" data-out=\"a:false;\">\n\t\t\t\t\t\t\t<noscript><img decoding=\"async\" src=\"\/\/www.reibu.de\/test\/wordpress\/wp-content\/plugins\/revslider\/public\/assets\/assets\/dummy.png\" title=\"Flame polisher\" class=\"rev-slidebg tp-rs-img rs-lazyload\" data-lazyload=\"\/\/www.reibu.de\/test\/wordpress\/wp-content\/uploads\/2016\/12\/Flammpolierger\u00e4t-klein-scaled.jpg\" data-no-retina><\/noscript><img decoding=\"async\" src=\"data:image\/gif;base64,R0lGODlhAQABAIAAAAAAAP\/\/\/yH5BAEAAAAALAAAAAABAAEAAAIBRAA7\" title=\"Flame polisher\" class=\"rev-slidebg tp-rs-img rs-lazyload lazyload\" data-lazyload=\"\/\/www.reibu.de\/test\/wordpress\/wp-content\/uploads\/2016\/12\/Flammpolierger\u00e4t-klein-scaled.jpg\" data-no-retina data-src=\"\/\/www.reibu.de\/test\/wordpress\/wp-content\/plugins\/revslider\/public\/assets\/assets\/dummy.png\">\n<!---->\t\t\t\t\t\t<\/rs-slide>\n\t\t\t\t\t\t<rs-slide style=\"position: absolute;\" data-key=\"rs-17\" data-title=\"Slide\" data-thumb=\"\/\/www.reibu.de\/test\/wordpress\/wp-content\/uploads\/2016\/12\/Flamme-scaled-100x50.jpg\" data-anim=\"ms:600;\" data-in=\"o:0;\" data-out=\"a:false;\">\n\t\t\t\t\t\t\t<noscript><img decoding=\"async\" src=\"\/\/www.reibu.de\/test\/wordpress\/wp-content\/plugins\/revslider\/public\/assets\/assets\/dummy.png\" title=\"Flame polisher\" class=\"rev-slidebg tp-rs-img rs-lazyload\" data-lazyload=\"\/\/www.reibu.de\/test\/wordpress\/wp-content\/uploads\/2016\/12\/Flamme-scaled.jpg\" data-no-retina><\/noscript><img decoding=\"async\" src=\"data:image\/gif;base64,R0lGODlhAQABAIAAAAAAAP\/\/\/yH5BAEAAAAALAAAAAABAAEAAAIBRAA7\" title=\"Flame polisher\" class=\"rev-slidebg tp-rs-img rs-lazyload lazyload\" data-lazyload=\"\/\/www.reibu.de\/test\/wordpress\/wp-content\/uploads\/2016\/12\/Flamme-scaled.jpg\" data-no-retina data-src=\"\/\/www.reibu.de\/test\/wordpress\/wp-content\/plugins\/revslider\/public\/assets\/assets\/dummy.png\">\n<!---->\t\t\t\t\t\t<\/rs-slide>\n\t\t\t\t\t\t<rs-slide style=\"position: absolute;\" data-key=\"rs-18\" data-title=\"Slide\" data-thumb=\"\/\/www.reibu.de\/test\/wordpress\/wp-content\/uploads\/2016\/12\/flammpoliert2-scaled-100x50.jpg\" data-anim=\"ms:600;\" data-in=\"o:0;\" data-out=\"a:false;\">\n\t\t\t\t\t\t\t<noscript><img decoding=\"async\" src=\"\/\/www.reibu.de\/test\/wordpress\/wp-content\/plugins\/revslider\/public\/assets\/assets\/dummy.png\" title=\"Flame polisher\" class=\"rev-slidebg tp-rs-img rs-lazyload\" data-lazyload=\"\/\/www.reibu.de\/test\/wordpress\/wp-content\/uploads\/2016\/12\/flammpoliert2-scaled.jpg\" data-no-retina><\/noscript><img decoding=\"async\" src=\"data:image\/gif;base64,R0lGODlhAQABAIAAAAAAAP\/\/\/yH5BAEAAAAALAAAAAABAAEAAAIBRAA7\" title=\"Flame polisher\" class=\"rev-slidebg tp-rs-img rs-lazyload lazyload\" data-lazyload=\"\/\/www.reibu.de\/test\/wordpress\/wp-content\/uploads\/2016\/12\/flammpoliert2-scaled.jpg\" data-no-retina data-src=\"\/\/www.reibu.de\/test\/wordpress\/wp-content\/plugins\/revslider\/public\/assets\/assets\/dummy.png\">\n<!---->\t\t\t\t\t\t<\/rs-slide>\n\t\t\t\t\t<\/rs-slides>\n\t\t\t\t<\/rs-module>\n\t\t\t\t<script type=\"text\/javascript\">\n\t\t\t\t\tsetREVStartSize({c: 'rev_slider_3_1',rl:[1240,1024,778,480],el:[],gw:[1240],gh:[868],type:'standard',justify:'',layout:'fullwidth',mh:\"0\"});if (window.RS_MODULES!==undefined && window.RS_MODULES.modules!==undefined && window.RS_MODULES.modules[\"revslider31\"]!==undefined) {window.RS_MODULES.modules[\"revslider31\"].once = false;window.revapi3 = undefined;if (window.RS_MODULES.checkMinimal!==undefined) window.RS_MODULES.checkMinimal()}\n\t\t\t\t<\/script>\n\t\t\t<\/rs-module-wrap>\n\t\t\t<!-- END REVOLUTION SLIDER -->\n<\/div><\/div><\/div><\/div><div class=\"wpb_column vc_column_container vc_col-sm-6\"><div class=\"vc_column-inner\"><div class=\"wpb_wrapper\">\n\t<div class=\"wpb_text_column wpb_content_element\">\n\t\t<div class=\"wpb_wrapper\">\n\t\t\t<p>Technical specifications<\/p>\n\n\t\t<\/div>\n\t<\/div>\n\n\t<div class=\"wpb_raw_code wpb_content_element wpb_raw_html\">\n\t\t<div class=\"wpb_wrapper\">\n\t\t\t<dl> \n<dt>Material thickness<\/dt>\n<dd>Up to 6mm<\/dd>\n<dt>Max. gas produktion<\/dt>\n<dd>170l\/h<\/dd>\n<dt>Voltage<\/dt> \n<dd>230V<\/dd> \n<dt>Current frequency<\/dt> \n<dd>50\/60 Hz<\/dd>\n<dt>Power fuse<\/dt> \n<dd>16 A<\/dd> \n<dt>Dimensions<\/dt>\n<dd>490mm \u00d7 375mm x 515mm<\/dd>\n<dt>Weight<\/dt>\n<dd>48 kg<\/dd><dd>\n<\/dd><\/dl>\n\t\t<\/div>\n\t<\/div>\n<\/div><\/div><\/div><\/div><div class=\"vc_row wpb_row vc_row-fluid\"><div class=\"wpb_column vc_column_container vc_col-sm-2\"><div class=\"vc_column-inner\"><div class=\"wpb_wrapper\"><\/div><\/div><\/div><div class=\"wpb_column vc_column_container vc_col-sm-8\"><div class=\"vc_column-inner\"><div class=\"wpb_wrapper\">\n\t<div class=\"wpb_text_column wpb_content_element\">\n\t\t<div class=\"wpb_wrapper\">\n\t\t\t<p><span style=\"font-size: 12pt;\">Polishing with the hand-held flame polisher is a simple and inexpensive method of polishing acrylic glass.<\/span><\/p>\n<p><span style=\"font-size: 12pt;\">The flame polishing device splits distilled water into the fuel gases hydrogen and oxygen. The clean flame ensures a very good polishing result.<\/span><\/p>\n<p><span style=\"font-size: 12pt;\">The flame size can be adjusted to the material thickness to be polished with different burner nozzles.<\/span><\/p>\n<p><span style=\"font-size: 12pt;\">The flame polishing device meets the highest technical standards. It has been tested for safety, has a solid construction and is virtually maintenance-free. In particular, this freedom from maintenance distinguishes this device from similar products.<\/span><\/p>\n\n\t\t<\/div>\n\t<\/div>\n<\/div><\/div><\/div><div class=\"wpb_column vc_column_container vc_col-sm-2\"><div class=\"vc_column-inner\"><div class=\"wpb_wrapper\"><\/div><\/div><\/div><\/div>","protected":false},"excerpt":{"rendered":"Flammpolierger\u00e4t Technische Daten Materialst\u00e4rke Bis 6mm Max. Gasproduktion 170l\/h Netzspannung 230V Netzfrequenz 50\/60 Hz Netzsicherung 16 A Abmessungen 490(Breite) \u00d7 515(H\u00f6he) \u00d7 375(Tiefe) Gewicht 48 kg<span class=\"excerpt-hellip\"> [\u2026]<\/span>","protected":false},"author":1,"featured_media":0,"parent":43,"menu_order":0,"comment_status":"closed","ping_status":"closed","template":"","meta":{"footnotes":""},"class_list":["post-56","page","type-page","status-publish","hentry"],"yoast_head":"<!-- This site is optimized with the Yoast SEO plugin v24.8.1 - https:\/\/yoast.com\/wordpress\/plugins\/seo\/ -->\n<title>Flammpolierger\u00e4t - Reichel GmbH Bubenheimer Maschinen<\/title>\n<meta name=\"description\" content=\"Das Polieren mit dem Flammpolierger\u00e4t ist eine einfache und preiswerte Methode zum Polieren von Acrylglas. Flammpolieren\" \/>\n<meta name=\"robots\" content=\"index, follow, max-snippet:-1, max-image-preview:large, max-video-preview:-1\" \/>\n<link rel=\"canonical\" href=\"https:\/\/www.reibu.de\/en\/polieren\/flammpoliergeraet\/\" \/>\n<meta name=\"twitter:label1\" content=\"Est. reading time\" \/>\n\t<meta name=\"twitter:data1\" content=\"1 minute\" \/>\n<script type=\"application\/ld+json\" class=\"yoast-schema-graph\">{\"@context\":\"https:\/\/schema.org\",\"@graph\":[{\"@type\":\"WebPage\",\"@id\":\"https:\/\/www.reibu.de\/polieren\/flammpoliergeraet\/\",\"url\":\"https:\/\/www.reibu.de\/polieren\/flammpoliergeraet\/\",\"name\":\"Flammpolierger\u00e4t - Reichel GmbH Bubenheimer Maschinen\",\"isPartOf\":{\"@id\":\"https:\/\/www.reibu.de\/#website\"},\"datePublished\":\"2016-12-03T14:29:44+00:00\",\"dateModified\":\"2017-04-17T18:04:52+00:00\",\"description\":\"Das Polieren mit dem Flammpolierger\u00e4t ist eine einfache und preiswerte Methode zum Polieren von Acrylglas. Flammpolieren\",\"breadcrumb\":{\"@id\":\"https:\/\/www.reibu.de\/polieren\/flammpoliergeraet\/#breadcrumb\"},\"inLanguage\":\"en-US\",\"potentialAction\":[{\"@type\":\"ReadAction\",\"target\":[\"https:\/\/www.reibu.de\/polieren\/flammpoliergeraet\/\"]}]},{\"@type\":\"BreadcrumbList\",\"@id\":\"https:\/\/www.reibu.de\/polieren\/flammpoliergeraet\/#breadcrumb\",\"itemListElement\":[{\"@type\":\"ListItem\",\"position\":1,\"name\":\"Startseite\",\"item\":\"https:\/\/www.reibu.de\/\"},{\"@type\":\"ListItem\",\"position\":2,\"name\":\"Polieren\",\"item\":\"https:\/\/www.reibu.de\/polieren\/\"},{\"@type\":\"ListItem\",\"position\":3,\"name\":\"Flammpolierger\u00e4t\"}]},{\"@type\":\"WebSite\",\"@id\":\"https:\/\/www.reibu.de\/#website\",\"url\":\"https:\/\/www.reibu.de\/\",\"name\":\"Reichel Bubenheimer\",\"description\":\"Acrylglasbearbeitung mit Reichel\",\"publisher\":{\"@id\":\"https:\/\/www.reibu.de\/#organization\"},\"potentialAction\":[{\"@type\":\"SearchAction\",\"target\":{\"@type\":\"EntryPoint\",\"urlTemplate\":\"https:\/\/www.reibu.de\/?s={search_term_string}\"},\"query-input\":{\"@type\":\"PropertyValueSpecification\",\"valueRequired\":true,\"valueName\":\"search_term_string\"}}],\"inLanguage\":\"en-US\"},{\"@type\":\"Organization\",\"@id\":\"https:\/\/www.reibu.de\/#organization\",\"name\":\"Reichel GmbH Bubenheimer Maschinen\",\"url\":\"https:\/\/www.reibu.de\/\",\"logo\":{\"@type\":\"ImageObject\",\"inLanguage\":\"en-US\",\"@id\":\"https:\/\/www.reibu.de\/#\/schema\/logo\/image\/\",\"url\":\"https:\/\/www.reibu.de\/test\/wordpress\/wp-content\/uploads\/2016\/12\/BWYU8348.jpg\",\"contentUrl\":\"https:\/\/www.reibu.de\/test\/wordpress\/wp-content\/uploads\/2016\/12\/BWYU8348.jpg\",\"width\":1649,\"height\":591,\"caption\":\"Reichel GmbH Bubenheimer Maschinen\"},\"image\":{\"@id\":\"https:\/\/www.reibu.de\/#\/schema\/logo\/image\/\"},\"sameAs\":[\"https:\/\/www.youtube.com\/channel\/UC-JIda3UAr2Hyp00L9spYTw\"]}]}<\/script>\n<!-- \/ Yoast SEO plugin. -->","yoast_head_json":{"title":"Flammpolierger\u00e4t - Reichel GmbH Bubenheimer Maschinen","description":"Das Polieren mit dem Flammpolierger\u00e4t ist eine einfache und preiswerte Methode zum Polieren von Acrylglas. Flammpolieren","robots":{"index":"index","follow":"follow","max-snippet":"max-snippet:-1","max-image-preview":"max-image-preview:large","max-video-preview":"max-video-preview:-1"},"canonical":"https:\/\/www.reibu.de\/en\/polieren\/flammpoliergeraet\/","twitter_misc":{"Est. reading time":"1 minute"},"schema":{"@context":"https:\/\/schema.org","@graph":[{"@type":"WebPage","@id":"https:\/\/www.reibu.de\/polieren\/flammpoliergeraet\/","url":"https:\/\/www.reibu.de\/polieren\/flammpoliergeraet\/","name":"Flammpolierger\u00e4t - Reichel GmbH Bubenheimer Maschinen","isPartOf":{"@id":"https:\/\/www.reibu.de\/#website"},"datePublished":"2016-12-03T14:29:44+00:00","dateModified":"2017-04-17T18:04:52+00:00","description":"Das Polieren mit dem Flammpolierger\u00e4t ist eine einfache und preiswerte Methode zum Polieren von Acrylglas. Flammpolieren","breadcrumb":{"@id":"https:\/\/www.reibu.de\/polieren\/flammpoliergeraet\/#breadcrumb"},"inLanguage":"en-US","potentialAction":[{"@type":"ReadAction","target":["https:\/\/www.reibu.de\/polieren\/flammpoliergeraet\/"]}]},{"@type":"BreadcrumbList","@id":"https:\/\/www.reibu.de\/polieren\/flammpoliergeraet\/#breadcrumb","itemListElement":[{"@type":"ListItem","position":1,"name":"Startseite","item":"https:\/\/www.reibu.de\/"},{"@type":"ListItem","position":2,"name":"Polieren","item":"https:\/\/www.reibu.de\/polieren\/"},{"@type":"ListItem","position":3,"name":"Flammpolierger\u00e4t"}]},{"@type":"WebSite","@id":"https:\/\/www.reibu.de\/#website","url":"https:\/\/www.reibu.de\/","name":"Reichel Bubenheimer","description":"Acrylglasbearbeitung mit Reichel","publisher":{"@id":"https:\/\/www.reibu.de\/#organization"},"potentialAction":[{"@type":"SearchAction","target":{"@type":"EntryPoint","urlTemplate":"https:\/\/www.reibu.de\/?s={search_term_string}"},"query-input":{"@type":"PropertyValueSpecification","valueRequired":true,"valueName":"search_term_string"}}],"inLanguage":"en-US"},{"@type":"Organization","@id":"https:\/\/www.reibu.de\/#organization","name":"Reichel GmbH Bubenheimer Maschinen","url":"https:\/\/www.reibu.de\/","logo":{"@type":"ImageObject","inLanguage":"en-US","@id":"https:\/\/www.reibu.de\/#\/schema\/logo\/image\/","url":"https:\/\/www.reibu.de\/test\/wordpress\/wp-content\/uploads\/2016\/12\/BWYU8348.jpg","contentUrl":"https:\/\/www.reibu.de\/test\/wordpress\/wp-content\/uploads\/2016\/12\/BWYU8348.jpg","width":1649,"height":591,"caption":"Reichel GmbH Bubenheimer Maschinen"},"image":{"@id":"https:\/\/www.reibu.de\/#\/schema\/logo\/image\/"},"sameAs":["https:\/\/www.youtube.com\/channel\/UC-JIda3UAr2Hyp00L9spYTw"]}]}},"jetpack_shortlink":"https:\/\/wp.me\/Pcq0RY-U","jetpack_sharing_enabled":true,"_links":{"self":[{"href":"https:\/\/www.reibu.de\/en\/wp-json\/wp\/v2\/pages\/56","targetHints":{"allow":["GET"]}}],"collection":[{"href":"https:\/\/www.reibu.de\/en\/wp-json\/wp\/v2\/pages"}],"about":[{"href":"https:\/\/www.reibu.de\/en\/wp-json\/wp\/v2\/types\/page"}],"author":[{"embeddable":true,"href":"https:\/\/www.reibu.de\/en\/wp-json\/wp\/v2\/users\/1"}],"replies":[{"embeddable":true,"href":"https:\/\/www.reibu.de\/en\/wp-json\/wp\/v2\/comments?post=56"}],"version-history":[{"count":14,"href":"https:\/\/www.reibu.de\/en\/wp-json\/wp\/v2\/pages\/56\/revisions"}],"predecessor-version":[{"id":67,"href":"https:\/\/www.reibu.de\/en\/wp-json\/wp\/v2\/pages\/56\/revisions\/67"}],"up":[{"embeddable":true,"href":"https:\/\/www.reibu.de\/en\/wp-json\/wp\/v2\/pages\/43"}],"wp:attachment":[{"href":"https:\/\/www.reibu.de\/en\/wp-json\/wp\/v2\/media?parent=56"}],"curies":[{"name":"wp","href":"https:\/\/api.w.org\/{rel}","templated":true}]}}