{"id":549,"date":"2017-05-09T12:35:53","date_gmt":"2017-05-09T10:35:53","guid":{"rendered":"http:\/\/www.reibu.de\/test\/wordpress\/?page_id=549"},"modified":"2021-12-02T15:28:31","modified_gmt":"2021-12-02T14:28:31","slug":"breitstrahlergeraet","status":"publish","type":"page","link":"https:\/\/www.reibu.de\/en\/biegen-von-kunststoffplatten\/breitstrahlergeraet\/","title":{"rendered":"Wide area bending machine"},"content":{"rendered":"","protected":false},"excerpt":{"rendered":"","protected":false},"author":1,"featured_media":0,"parent":5,"menu_order":0,"comment_status":"closed","ping_status":"closed","template":"","meta":{"footnotes":""},"class_list":["post-549","page","type-page","status-publish","hentry"],"yoast_head":"<!-- This site is optimized with the Yoast SEO plugin v24.8.1 - https:\/\/yoast.com\/wordpress\/plugins\/seo\/ -->\n<title>Breitstrahlerger\u00e4t - Reichel GmbH Bubenheimer Maschinen<\/title>\n<meta name=\"description\" content=\"Erw\u00e4rmen und Abkanten dicker Kunststoffplatten mit dem Breitstrahlerger\u00e4t. -Gro\u00dfe Erw\u00e4rmzonenbreite f\u00fcr gro\u00dfe Radien -Kurze Erw\u00e4rmungszeiten\" \/>\n<meta name=\"robots\" content=\"index, follow, max-snippet:-1, max-image-preview:large, max-video-preview:-1\" \/>\n<link rel=\"canonical\" href=\"https:\/\/www.reibu.de\/en\/biegen-von-kunststoffplatten\/breitstrahlergeraet\/\" \/>\n<script type=\"application\/ld+json\" class=\"yoast-schema-graph\">{\"@context\":\"https:\/\/schema.org\",\"@graph\":[{\"@type\":\"WebPage\",\"@id\":\"https:\/\/www.reibu.de\/biegen-von-kunststoffplatten\/breitstrahlergeraet\/\",\"url\":\"https:\/\/www.reibu.de\/biegen-von-kunststoffplatten\/breitstrahlergeraet\/\",\"name\":\"Breitstrahlerger\u00e4t - Reichel GmbH Bubenheimer Maschinen\",\"isPartOf\":{\"@id\":\"https:\/\/www.reibu.de\/#website\"},\"datePublished\":\"2017-05-09T10:35:53+00:00\",\"dateModified\":\"2021-12-02T14:28:31+00:00\",\"description\":\"Erw\u00e4rmen und Abkanten dicker Kunststoffplatten mit dem Breitstrahlerger\u00e4t. -Gro\u00dfe Erw\u00e4rmzonenbreite f\u00fcr gro\u00dfe Radien -Kurze Erw\u00e4rmungszeiten\",\"breadcrumb\":{\"@id\":\"https:\/\/www.reibu.de\/biegen-von-kunststoffplatten\/breitstrahlergeraet\/#breadcrumb\"},\"inLanguage\":\"en-US\",\"potentialAction\":[{\"@type\":\"ReadAction\",\"target\":[\"https:\/\/www.reibu.de\/biegen-von-kunststoffplatten\/breitstrahlergeraet\/\"]}]},{\"@type\":\"BreadcrumbList\",\"@id\":\"https:\/\/www.reibu.de\/biegen-von-kunststoffplatten\/breitstrahlergeraet\/#breadcrumb\",\"itemListElement\":[{\"@type\":\"ListItem\",\"position\":1,\"name\":\"Startseite\",\"item\":\"https:\/\/www.reibu.de\/\"},{\"@type\":\"ListItem\",\"position\":2,\"name\":\"Biegen-von-Kunststoffplatten\",\"item\":\"https:\/\/www.reibu.de\/biegen-von-kunststoffplatten\/\"},{\"@type\":\"ListItem\",\"position\":3,\"name\":\"Breitstrahlerger\u00e4t\"}]},{\"@type\":\"WebSite\",\"@id\":\"https:\/\/www.reibu.de\/#website\",\"url\":\"https:\/\/www.reibu.de\/\",\"name\":\"Reichel Bubenheimer\",\"description\":\"Acrylglasbearbeitung mit Reichel\",\"publisher\":{\"@id\":\"https:\/\/www.reibu.de\/#organization\"},\"potentialAction\":[{\"@type\":\"SearchAction\",\"target\":{\"@type\":\"EntryPoint\",\"urlTemplate\":\"https:\/\/www.reibu.de\/?s={search_term_string}\"},\"query-input\":{\"@type\":\"PropertyValueSpecification\",\"valueRequired\":true,\"valueName\":\"search_term_string\"}}],\"inLanguage\":\"en-US\"},{\"@type\":\"Organization\",\"@id\":\"https:\/\/www.reibu.de\/#organization\",\"name\":\"Reichel GmbH Bubenheimer Maschinen\",\"url\":\"https:\/\/www.reibu.de\/\",\"logo\":{\"@type\":\"ImageObject\",\"inLanguage\":\"en-US\",\"@id\":\"https:\/\/www.reibu.de\/#\/schema\/logo\/image\/\",\"url\":\"https:\/\/www.reibu.de\/test\/wordpress\/wp-content\/uploads\/2016\/12\/BWYU8348.jpg\",\"contentUrl\":\"https:\/\/www.reibu.de\/test\/wordpress\/wp-content\/uploads\/2016\/12\/BWYU8348.jpg\",\"width\":1649,\"height\":591,\"caption\":\"Reichel GmbH Bubenheimer Maschinen\"},\"image\":{\"@id\":\"https:\/\/www.reibu.de\/#\/schema\/logo\/image\/\"},\"sameAs\":[\"https:\/\/www.youtube.com\/channel\/UC-JIda3UAr2Hyp00L9spYTw\"]}]}<\/script>\n<!-- \/ Yoast SEO plugin. -->","yoast_head_json":{"title":"Breitstrahlerger\u00e4t - Reichel GmbH Bubenheimer Maschinen","description":"Erw\u00e4rmen und Abkanten dicker Kunststoffplatten mit dem Breitstrahlerger\u00e4t. -Gro\u00dfe Erw\u00e4rmzonenbreite f\u00fcr gro\u00dfe Radien -Kurze Erw\u00e4rmungszeiten","robots":{"index":"index","follow":"follow","max-snippet":"max-snippet:-1","max-image-preview":"max-image-preview:large","max-video-preview":"max-video-preview:-1"},"canonical":"https:\/\/www.reibu.de\/en\/biegen-von-kunststoffplatten\/breitstrahlergeraet\/","schema":{"@context":"https:\/\/schema.org","@graph":[{"@type":"WebPage","@id":"https:\/\/www.reibu.de\/biegen-von-kunststoffplatten\/breitstrahlergeraet\/","url":"https:\/\/www.reibu.de\/biegen-von-kunststoffplatten\/breitstrahlergeraet\/","name":"Breitstrahlerger\u00e4t - Reichel GmbH Bubenheimer Maschinen","isPartOf":{"@id":"https:\/\/www.reibu.de\/#website"},"datePublished":"2017-05-09T10:35:53+00:00","dateModified":"2021-12-02T14:28:31+00:00","description":"Erw\u00e4rmen und Abkanten dicker Kunststoffplatten mit dem Breitstrahlerger\u00e4t. -Gro\u00dfe Erw\u00e4rmzonenbreite f\u00fcr gro\u00dfe Radien -Kurze Erw\u00e4rmungszeiten","breadcrumb":{"@id":"https:\/\/www.reibu.de\/biegen-von-kunststoffplatten\/breitstrahlergeraet\/#breadcrumb"},"inLanguage":"en-US","potentialAction":[{"@type":"ReadAction","target":["https:\/\/www.reibu.de\/biegen-von-kunststoffplatten\/breitstrahlergeraet\/"]}]},{"@type":"BreadcrumbList","@id":"https:\/\/www.reibu.de\/biegen-von-kunststoffplatten\/breitstrahlergeraet\/#breadcrumb","itemListElement":[{"@type":"ListItem","position":1,"name":"Startseite","item":"https:\/\/www.reibu.de\/"},{"@type":"ListItem","position":2,"name":"Biegen-von-Kunststoffplatten","item":"https:\/\/www.reibu.de\/biegen-von-kunststoffplatten\/"},{"@type":"ListItem","position":3,"name":"Breitstrahlerger\u00e4t"}]},{"@type":"WebSite","@id":"https:\/\/www.reibu.de\/#website","url":"https:\/\/www.reibu.de\/","name":"Reichel Bubenheimer","description":"Acrylglasbearbeitung mit Reichel","publisher":{"@id":"https:\/\/www.reibu.de\/#organization"},"potentialAction":[{"@type":"SearchAction","target":{"@type":"EntryPoint","urlTemplate":"https:\/\/www.reibu.de\/?s={search_term_string}"},"query-input":{"@type":"PropertyValueSpecification","valueRequired":true,"valueName":"search_term_string"}}],"inLanguage":"en-US"},{"@type":"Organization","@id":"https:\/\/www.reibu.de\/#organization","name":"Reichel GmbH Bubenheimer Maschinen","url":"https:\/\/www.reibu.de\/","logo":{"@type":"ImageObject","inLanguage":"en-US","@id":"https:\/\/www.reibu.de\/#\/schema\/logo\/image\/","url":"https:\/\/www.reibu.de\/test\/wordpress\/wp-content\/uploads\/2016\/12\/BWYU8348.jpg","contentUrl":"https:\/\/www.reibu.de\/test\/wordpress\/wp-content\/uploads\/2016\/12\/BWYU8348.jpg","width":1649,"height":591,"caption":"Reichel GmbH Bubenheimer Maschinen"},"image":{"@id":"https:\/\/www.reibu.de\/#\/schema\/logo\/image\/"},"sameAs":["https:\/\/www.youtube.com\/channel\/UC-JIda3UAr2Hyp00L9spYTw"]}]}},"jetpack_shortlink":"https:\/\/wp.me\/Pcq0RY-8R","jetpack_sharing_enabled":true,"_links":{"self":[{"href":"https:\/\/www.reibu.de\/en\/wp-json\/wp\/v2\/pages\/549","targetHints":{"allow":["GET"]}}],"collection":[{"href":"https:\/\/www.reibu.de\/en\/wp-json\/wp\/v2\/pages"}],"about":[{"href":"https:\/\/www.reibu.de\/en\/wp-json\/wp\/v2\/types\/page"}],"author":[{"embeddable":true,"href":"https:\/\/www.reibu.de\/en\/wp-json\/wp\/v2\/users\/1"}],"replies":[{"embeddable":true,"href":"https:\/\/www.reibu.de\/en\/wp-json\/wp\/v2\/comments?post=549"}],"version-history":[{"count":2,"href":"https:\/\/www.reibu.de\/en\/wp-json\/wp\/v2\/pages\/549\/revisions"}],"predecessor-version":[{"id":552,"href":"https:\/\/www.reibu.de\/en\/wp-json\/wp\/v2\/pages\/549\/revisions\/552"}],"up":[{"embeddable":true,"href":"https:\/\/www.reibu.de\/en\/wp-json\/wp\/v2\/pages\/5"}],"wp:attachment":[{"href":"https:\/\/www.reibu.de\/en\/wp-json\/wp\/v2\/media?parent=549"}],"curies":[{"name":"wp","href":"https:\/\/api.w.org\/{rel}","templated":true}]}}