{"id":320,"date":"2017-02-04T18:58:12","date_gmt":"2017-02-04T17:58:12","guid":{"rendered":"http:\/\/www.reibu.de\/test\/wordpress\/?page_id=320"},"modified":"2017-04-20T21:15:13","modified_gmt":"2017-04-20T19:15:13","slug":"facetten-polierfraese","status":"publish","type":"page","link":"https:\/\/www.reibu.de\/en\/polieren\/facetten-polierfraese\/","title":{"rendered":"Facetten-Polierfr\u00e4se"},"content":{"rendered":"<div class=\"vc_row wpb_row vc_row-fluid\"><div class=\"wpb_column vc_column_container vc_col-sm-12\"><div class=\"vc_column-inner\"><div class=\"wpb_wrapper\"><div class=\"fancy_heading fancy_heading_line\"><div class=\"fh-top\"><\/div><h2 class=\"title\">Acryl polishing maschine Bu\/FFR<\/h2><\/div>\n<\/div><\/div><\/div><\/div><div class=\"vc_row wpb_row vc_row-fluid\"><div class=\"wpb_column vc_column_container vc_col-sm-6\"><div class=\"vc_column-inner\"><div class=\"wpb_wrapper\">\n\t<div class=\"wpb_single_image wpb_content_element vc_align_center\">\n\t\t\n\t\t<figure class=\"wpb_wrapper vc_figure\">\n\t\t\t<div class=\"vc_single_image-wrapper   vc_box_border_grey\"><noscript><img fetchpriority=\"high\" decoding=\"async\" width=\"400\" height=\"362\" src=\"https:\/\/www.reibu.de\/test\/wordpress\/wp-content\/uploads\/2016\/12\/IMG_7618-Kopie.jpg\" class=\"vc_single_image-img attachment-full\" alt srcset=\"https:\/\/www.reibu.de\/test\/wordpress\/wp-content\/uploads\/2016\/12\/IMG_7618-Kopie.jpg 400w, https:\/\/www.reibu.de\/test\/wordpress\/wp-content\/uploads\/2016\/12\/IMG_7618-Kopie-300x272.jpg 300w, https:\/\/www.reibu.de\/test\/wordpress\/wp-content\/uploads\/2016\/12\/IMG_7618-Kopie-161x146.jpg 161w, https:\/\/www.reibu.de\/test\/wordpress\/wp-content\/uploads\/2016\/12\/IMG_7618-Kopie-50x45.jpg 50w, https:\/\/www.reibu.de\/test\/wordpress\/wp-content\/uploads\/2016\/12\/IMG_7618-Kopie-83x75.jpg 83w\" sizes=\"(max-width:767px) 400px, 400px\"><\/noscript><img fetchpriority=\"high\" decoding=\"async\" width=\"400\" height=\"362\" src=\"data:image\/svg+xml,%3Csvg%20xmlns%3D%22http%3A%2F%2Fwww.w3.org%2F2000%2Fsvg%22%20viewBox%3D%220%200%20400%20362%22%3E%3C%2Fsvg%3E\" class=\"vc_single_image-img attachment-full lazyload\" alt srcset=\"data:image\/svg+xml,%3Csvg%20xmlns%3D%22http%3A%2F%2Fwww.w3.org%2F2000%2Fsvg%22%20viewBox%3D%220%200%20400%20362%22%3E%3C%2Fsvg%3E 400w\" sizes=\"(max-width:767px) 400px, 400px\" data-srcset=\"https:\/\/www.reibu.de\/test\/wordpress\/wp-content\/uploads\/2016\/12\/IMG_7618-Kopie.jpg 400w, https:\/\/www.reibu.de\/test\/wordpress\/wp-content\/uploads\/2016\/12\/IMG_7618-Kopie-300x272.jpg 300w, https:\/\/www.reibu.de\/test\/wordpress\/wp-content\/uploads\/2016\/12\/IMG_7618-Kopie-161x146.jpg 161w, https:\/\/www.reibu.de\/test\/wordpress\/wp-content\/uploads\/2016\/12\/IMG_7618-Kopie-50x45.jpg 50w, https:\/\/www.reibu.de\/test\/wordpress\/wp-content\/uploads\/2016\/12\/IMG_7618-Kopie-83x75.jpg 83w\" data-src=\"https:\/\/www.reibu.de\/test\/wordpress\/wp-content\/uploads\/2016\/12\/IMG_7618-Kopie.jpg\"><\/div>\n\t\t<\/figure>\n\t<\/div>\n<\/div><\/div><\/div><div class=\"wpb_column vc_column_container vc_col-sm-6\"><div class=\"vc_column-inner\"><div class=\"wpb_wrapper\">\n\t<div class=\"wpb_raw_code wpb_content_element wpb_raw_html\">\n\t\t<div class=\"wpb_wrapper\">\n\t\t\t<dl> \n<dt>Material thickness<\/dt> \n<dd>from 2mm to 70mm<\/dd> \n<dt>Material length<\/dt> \n<dd>Unlimited<\/dd> \n<dt>Materials<\/dt> \n<dd>PMMA\/P<\/dd> \n<dt>Spindlespeed<\/dt> \n<dd>9000 - 22000rpm<\/dd> \n<dt>Feeding speed<\/dt> \n<dd>300mm\/min to 2500mm\/min<\/dd> \n<dt>Angles<\/dt> \n<dd>from 0\u00b0 to 65\u00b0<\/dd> \n<dt>Voltage<\/dt>\n<dd>230V<\/dd>\n<\/dl>\n\t\t<\/div>\n\t<\/div>\n<\/div><\/div><\/div><\/div><div class=\"vc_row wpb_row vc_row-fluid vc_custom_1486322301171 vc_row-has-fill\"><div class=\"wpb_column vc_column_container vc_col-sm-2\"><div class=\"vc_column-inner\"><div class=\"wpb_wrapper\"><\/div><\/div><\/div><div class=\"wpb_column vc_column_container vc_col-sm-8\"><div class=\"vc_column-inner\"><div class=\"wpb_wrapper\">\n\t<div class=\"wpb_text_column wpb_content_element\">\n\t\t<div class=\"wpb_wrapper\">\n\t\t\t<p><span style=\"font-size: 14pt;\">Our <b>Acryl polishing maschine Bu\/FFR<\/b> is a further development of the earlier polishing machine .<\/span><\/p>\n<p><span style=\"font-size: 14pt;\">Our polishing milling machine is characterized by extremely short set-up times. The system is flexible and, because of its simplest usability, can also be operated by trained personnel.<\/span><\/p>\n<p><span style=\"font-size: 14pt;\">Any angle and facet width can be set within a very short time.<\/span><\/p>\n<p><span style=\"font-size: 14pt;\">The type BU \/ FFR  can process material thicknesses of up to 70 mm on right-angled edges. Facets up to an angle of up to 65 \u00b0 are possible up to a material thickness of approx 40 mm. Spindlespeed \u200b\u200band feed are stepless variable. The chip removal is also continuously adjustable between 0 and 1.0 mm.<\/span><\/p>\n<p><span style=\"font-size: 14pt;\">The wide range of setting options ensures excellent polishing results. It is not necessary to readjust the machine after changing the milling head.<\/span><\/p>\n<p><span style=\"font-size: 14pt;\">For the processing of longer and higher workpieces, extensions of the inlet and outlet tracks are optionally available. Corresponding height guides above the milling plane are also optionally available.<\/span><\/p>\n\n\t\t<\/div>\n\t<\/div>\n<\/div><\/div><\/div><div class=\"wpb_column vc_column_container vc_col-sm-2\"><div class=\"vc_column-inner\"><div class=\"wpb_wrapper\"><\/div><\/div><\/div><\/div><div class=\"vc_row wpb_row vc_row-fluid\"><div class=\"wpb_column vc_column_container vc_col-sm-6\"><div class=\"vc_column-inner\"><div class=\"wpb_wrapper\">\n\t<div class=\"wpb_text_column wpb_content_element\">\n\t\t<div class=\"wpb_wrapper\">\n\t\t\t<p style=\"text-align: center;\"><strong><span style=\"font-size: 24pt;\">Equipment<\/span><\/strong><\/p>\n\n\t\t<\/div>\n\t<\/div>\n<div class=\"faq\"><div class=\"mfn-acc faq_wrapper\"><div class=\"question\"><div class=\"title wpb_toggle\"><i class=\"icon-plus acc-icon-plus\"><\/i><i class=\"icon-minus acc-icon-minus\"><\/i>Digital display feed + speed<\/div><div class=\"wpb_toggle_content answer\"><p>The machine has digital displays for precise setting of the values \u200b\u200bfor feed and speed.<\/p>\n<\/div>\n<\/div>\n<\/div><\/div>\n<div class=\"faq\"><div class=\"mfn-acc faq_wrapper\"><div class=\"question\"><div class=\"title wpb_toggle\"><i class=\"icon-plus acc-icon-plus\"><\/i><i class=\"icon-minus acc-icon-minus\"><\/i>Interchangeable milling cutters (polishing cutters \/ matting cutters)<\/div><div class=\"wpb_toggle_content answer\"><p>Depending on the desired polishing pattern, we offer you the appropriate milling cutter.<\/p>\n<p>These can easily be exchanged and you can continue working without any further settings.<\/p>\n<\/div>\n<\/div>\n<\/div><\/div>\n<div class=\"faq\"><div class=\"mfn-acc faq_wrapper\"><div class=\"question\"><div class=\"title wpb_toggle\"><i class=\"icon-plus acc-icon-plus\"><\/i><i class=\"icon-minus acc-icon-minus\"><\/i>Adjusting milling angle<\/div><div class=\"wpb_toggle_content answer\"><p>The milling angle can be easily and stepless adjusted using a handwheel and is displayed digitally.<\/p>\n<\/div>\n<\/div>\n<\/div><\/div>\n<div class=\"faq\"><div class=\"mfn-acc faq_wrapper\"><div class=\"question\"><div class=\"title wpb_toggle\"><i class=\"icon-plus acc-icon-plus\"><\/i><i class=\"icon-minus acc-icon-minus\"><\/i>Chip extraction<\/div><div class=\"wpb_toggle_content answer\"><p>In order to avoid chips flying around in the workshop, they are extracted directly from the polishing cutter after they have arisen.<\/p>\n<\/div>\n<\/div>\n<\/div><\/div>\n<div class=\"faq\"><div class=\"mfn-acc faq_wrapper\"><div class=\"question\"><div class=\"title wpb_toggle\"><i class=\"icon-plus acc-icon-plus\"><\/i><i class=\"icon-minus acc-icon-minus\"><\/i>Stepless adjustable material removal rate<\/div><div class=\"wpb_toggle_content answer\"><p>The material removal rate can be continuously adjusted between 0mm and 1mm using an adjustment device.<\/p>\n<\/div>\n<\/div>\n<\/div><\/div>\n<div class=\"faq\"><div class=\"mfn-acc faq_wrapper\"><div class=\"question\"><div class=\"title wpb_toggle\"><i class=\"icon-plus acc-icon-plus\"><\/i><i class=\"icon-minus acc-icon-minus\"><\/i>Accident prevention by covering the cutter<\/div><div class=\"wpb_toggle_content answer\"><p>The switched-on polishing cutter is covered by the feed belts and cannot be reached.<\/p>\n<\/div>\n<\/div>\n<\/div><\/div>\n<\/div><\/div><\/div><div class=\"wpb_column vc_column_container vc_col-sm-6\"><div class=\"vc_column-inner\"><div class=\"wpb_wrapper\">\n\t<div class=\"wpb_single_image wpb_content_element vc_align_left\">\n\t\t\n\t\t<figure class=\"wpb_wrapper vc_figure\">\n\t\t\t<div class=\"vc_single_image-wrapper   vc_box_border_grey\"><noscript><img decoding=\"async\" width=\"1024\" height=\"681\" src=\"https:\/\/www.reibu.de\/test\/wordpress\/wp-content\/uploads\/2017\/02\/Poliert-teil-1024px.jpg\" class=\"vc_single_image-img attachment-full\" alt=\"Polierte W\u00fcrfel und Platten\" srcset=\"https:\/\/www.reibu.de\/test\/wordpress\/wp-content\/uploads\/2017\/02\/Poliert-teil-1024px.jpg 1024w, https:\/\/www.reibu.de\/test\/wordpress\/wp-content\/uploads\/2017\/02\/Poliert-teil-1024px-600x399.jpg 600w, https:\/\/www.reibu.de\/test\/wordpress\/wp-content\/uploads\/2017\/02\/Poliert-teil-1024px-300x200.jpg 300w, https:\/\/www.reibu.de\/test\/wordpress\/wp-content\/uploads\/2017\/02\/Poliert-teil-1024px-768x511.jpg 768w, https:\/\/www.reibu.de\/test\/wordpress\/wp-content\/uploads\/2017\/02\/Poliert-teil-1024px-220x146.jpg 220w, https:\/\/www.reibu.de\/test\/wordpress\/wp-content\/uploads\/2017\/02\/Poliert-teil-1024px-50x33.jpg 50w, https:\/\/www.reibu.de\/test\/wordpress\/wp-content\/uploads\/2017\/02\/Poliert-teil-1024px-113x75.jpg 113w\" sizes=\"(max-width:767px) 480px, (max-width:1024px) 100vw, 1024px\"><\/noscript><img decoding=\"async\" width=\"1024\" height=\"681\" src=\"data:image\/svg+xml,%3Csvg%20xmlns%3D%22http%3A%2F%2Fwww.w3.org%2F2000%2Fsvg%22%20viewBox%3D%220%200%201024%20681%22%3E%3C%2Fsvg%3E\" class=\"vc_single_image-img attachment-full lazyload\" alt=\"Polierte W\u00fcrfel und Platten\" srcset=\"data:image\/svg+xml,%3Csvg%20xmlns%3D%22http%3A%2F%2Fwww.w3.org%2F2000%2Fsvg%22%20viewBox%3D%220%200%201024%20681%22%3E%3C%2Fsvg%3E 1024w\" sizes=\"(max-width:767px) 480px, (max-width:1024px) 100vw, 1024px\" data-srcset=\"https:\/\/www.reibu.de\/test\/wordpress\/wp-content\/uploads\/2017\/02\/Poliert-teil-1024px.jpg 1024w, https:\/\/www.reibu.de\/test\/wordpress\/wp-content\/uploads\/2017\/02\/Poliert-teil-1024px-600x399.jpg 600w, https:\/\/www.reibu.de\/test\/wordpress\/wp-content\/uploads\/2017\/02\/Poliert-teil-1024px-300x200.jpg 300w, https:\/\/www.reibu.de\/test\/wordpress\/wp-content\/uploads\/2017\/02\/Poliert-teil-1024px-768x511.jpg 768w, https:\/\/www.reibu.de\/test\/wordpress\/wp-content\/uploads\/2017\/02\/Poliert-teil-1024px-220x146.jpg 220w, https:\/\/www.reibu.de\/test\/wordpress\/wp-content\/uploads\/2017\/02\/Poliert-teil-1024px-50x33.jpg 50w, https:\/\/www.reibu.de\/test\/wordpress\/wp-content\/uploads\/2017\/02\/Poliert-teil-1024px-113x75.jpg 113w\" data-src=\"https:\/\/www.reibu.de\/test\/wordpress\/wp-content\/uploads\/2017\/02\/Poliert-teil-1024px.jpg\"><\/div>\n\t\t<\/figure>\n\t<\/div>\n<\/div><\/div><\/div><\/div>","protected":false},"excerpt":{"rendered":"Facetten-Polierfr\u00e4se BU-FFR Materialst\u00e4rke von 2mm bis 70mm Materiall\u00e4nge Unbegrenzt Materialien PMMA\/P Drehzahl 9000 - 22000rpm Vorschub 300mm\/min bis 2500mm\/min Winkel (Facette) von 0\u00b0 bis 65\u00b0 Netzspannung<span class=\"excerpt-hellip\"> [\u2026]<\/span>","protected":false},"author":1,"featured_media":0,"parent":43,"menu_order":0,"comment_status":"closed","ping_status":"closed","template":"","meta":{"footnotes":""},"class_list":["post-320","page","type-page","status-publish","hentry"],"yoast_head":"<!-- This site is optimized with the Yoast SEO plugin v24.8.1 - https:\/\/yoast.com\/wordpress\/plugins\/seo\/ -->\n<title>Facetten-Polierfr\u00e4se - Reichel Bubenheimer<\/title>\n<meta name=\"robots\" content=\"index, follow, max-snippet:-1, max-image-preview:large, max-video-preview:-1\" \/>\n<link rel=\"canonical\" href=\"https:\/\/www.reibu.de\/en\/polieren\/facetten-polierfraese\/\" \/>\n<meta name=\"twitter:label1\" content=\"Est. reading time\" \/>\n\t<meta name=\"twitter:data1\" content=\"3 minutes\" \/>\n<script type=\"application\/ld+json\" class=\"yoast-schema-graph\">{\"@context\":\"https:\/\/schema.org\",\"@graph\":[{\"@type\":\"WebPage\",\"@id\":\"https:\/\/www.reibu.de\/polieren\/facetten-polierfraese\/\",\"url\":\"https:\/\/www.reibu.de\/polieren\/facetten-polierfraese\/\",\"name\":\"Facetten-Polierfr\u00e4se - Reichel Bubenheimer\",\"isPartOf\":{\"@id\":\"https:\/\/www.reibu.de\/#website\"},\"datePublished\":\"2017-02-04T17:58:12+00:00\",\"dateModified\":\"2017-04-20T19:15:13+00:00\",\"breadcrumb\":{\"@id\":\"https:\/\/www.reibu.de\/polieren\/facetten-polierfraese\/#breadcrumb\"},\"inLanguage\":\"en-US\",\"potentialAction\":[{\"@type\":\"ReadAction\",\"target\":[\"https:\/\/www.reibu.de\/polieren\/facetten-polierfraese\/\"]}]},{\"@type\":\"BreadcrumbList\",\"@id\":\"https:\/\/www.reibu.de\/polieren\/facetten-polierfraese\/#breadcrumb\",\"itemListElement\":[{\"@type\":\"ListItem\",\"position\":1,\"name\":\"Startseite\",\"item\":\"https:\/\/www.reibu.de\/\"},{\"@type\":\"ListItem\",\"position\":2,\"name\":\"Polieren\",\"item\":\"https:\/\/www.reibu.de\/polieren\/\"},{\"@type\":\"ListItem\",\"position\":3,\"name\":\"Facetten-Polierfr\u00e4se\"}]},{\"@type\":\"WebSite\",\"@id\":\"https:\/\/www.reibu.de\/#website\",\"url\":\"https:\/\/www.reibu.de\/\",\"name\":\"Reichel Bubenheimer\",\"description\":\"Acrylglasbearbeitung mit Reichel\",\"publisher\":{\"@id\":\"https:\/\/www.reibu.de\/#organization\"},\"potentialAction\":[{\"@type\":\"SearchAction\",\"target\":{\"@type\":\"EntryPoint\",\"urlTemplate\":\"https:\/\/www.reibu.de\/?s={search_term_string}\"},\"query-input\":{\"@type\":\"PropertyValueSpecification\",\"valueRequired\":true,\"valueName\":\"search_term_string\"}}],\"inLanguage\":\"en-US\"},{\"@type\":\"Organization\",\"@id\":\"https:\/\/www.reibu.de\/#organization\",\"name\":\"Reichel GmbH Bubenheimer Maschinen\",\"url\":\"https:\/\/www.reibu.de\/\",\"logo\":{\"@type\":\"ImageObject\",\"inLanguage\":\"en-US\",\"@id\":\"https:\/\/www.reibu.de\/#\/schema\/logo\/image\/\",\"url\":\"https:\/\/www.reibu.de\/test\/wordpress\/wp-content\/uploads\/2016\/12\/BWYU8348.jpg\",\"contentUrl\":\"https:\/\/www.reibu.de\/test\/wordpress\/wp-content\/uploads\/2016\/12\/BWYU8348.jpg\",\"width\":1649,\"height\":591,\"caption\":\"Reichel GmbH Bubenheimer Maschinen\"},\"image\":{\"@id\":\"https:\/\/www.reibu.de\/#\/schema\/logo\/image\/\"},\"sameAs\":[\"https:\/\/www.youtube.com\/channel\/UC-JIda3UAr2Hyp00L9spYTw\"]}]}<\/script>\n<!-- \/ Yoast SEO plugin. -->","yoast_head_json":{"title":"Facetten-Polierfr\u00e4se - Reichel Bubenheimer","robots":{"index":"index","follow":"follow","max-snippet":"max-snippet:-1","max-image-preview":"max-image-preview:large","max-video-preview":"max-video-preview:-1"},"canonical":"https:\/\/www.reibu.de\/en\/polieren\/facetten-polierfraese\/","twitter_misc":{"Est. reading time":"3 minutes"},"schema":{"@context":"https:\/\/schema.org","@graph":[{"@type":"WebPage","@id":"https:\/\/www.reibu.de\/polieren\/facetten-polierfraese\/","url":"https:\/\/www.reibu.de\/polieren\/facetten-polierfraese\/","name":"Facetten-Polierfr\u00e4se - Reichel Bubenheimer","isPartOf":{"@id":"https:\/\/www.reibu.de\/#website"},"datePublished":"2017-02-04T17:58:12+00:00","dateModified":"2017-04-20T19:15:13+00:00","breadcrumb":{"@id":"https:\/\/www.reibu.de\/polieren\/facetten-polierfraese\/#breadcrumb"},"inLanguage":"en-US","potentialAction":[{"@type":"ReadAction","target":["https:\/\/www.reibu.de\/polieren\/facetten-polierfraese\/"]}]},{"@type":"BreadcrumbList","@id":"https:\/\/www.reibu.de\/polieren\/facetten-polierfraese\/#breadcrumb","itemListElement":[{"@type":"ListItem","position":1,"name":"Startseite","item":"https:\/\/www.reibu.de\/"},{"@type":"ListItem","position":2,"name":"Polieren","item":"https:\/\/www.reibu.de\/polieren\/"},{"@type":"ListItem","position":3,"name":"Facetten-Polierfr\u00e4se"}]},{"@type":"WebSite","@id":"https:\/\/www.reibu.de\/#website","url":"https:\/\/www.reibu.de\/","name":"Reichel Bubenheimer","description":"Acrylglasbearbeitung mit Reichel","publisher":{"@id":"https:\/\/www.reibu.de\/#organization"},"potentialAction":[{"@type":"SearchAction","target":{"@type":"EntryPoint","urlTemplate":"https:\/\/www.reibu.de\/?s={search_term_string}"},"query-input":{"@type":"PropertyValueSpecification","valueRequired":true,"valueName":"search_term_string"}}],"inLanguage":"en-US"},{"@type":"Organization","@id":"https:\/\/www.reibu.de\/#organization","name":"Reichel GmbH Bubenheimer Maschinen","url":"https:\/\/www.reibu.de\/","logo":{"@type":"ImageObject","inLanguage":"en-US","@id":"https:\/\/www.reibu.de\/#\/schema\/logo\/image\/","url":"https:\/\/www.reibu.de\/test\/wordpress\/wp-content\/uploads\/2016\/12\/BWYU8348.jpg","contentUrl":"https:\/\/www.reibu.de\/test\/wordpress\/wp-content\/uploads\/2016\/12\/BWYU8348.jpg","width":1649,"height":591,"caption":"Reichel GmbH Bubenheimer Maschinen"},"image":{"@id":"https:\/\/www.reibu.de\/#\/schema\/logo\/image\/"},"sameAs":["https:\/\/www.youtube.com\/channel\/UC-JIda3UAr2Hyp00L9spYTw"]}]}},"jetpack_shortlink":"https:\/\/wp.me\/Pcq0RY-5a","jetpack_sharing_enabled":true,"_links":{"self":[{"href":"https:\/\/www.reibu.de\/en\/wp-json\/wp\/v2\/pages\/320","targetHints":{"allow":["GET"]}}],"collection":[{"href":"https:\/\/www.reibu.de\/en\/wp-json\/wp\/v2\/pages"}],"about":[{"href":"https:\/\/www.reibu.de\/en\/wp-json\/wp\/v2\/types\/page"}],"author":[{"embeddable":true,"href":"https:\/\/www.reibu.de\/en\/wp-json\/wp\/v2\/users\/1"}],"replies":[{"embeddable":true,"href":"https:\/\/www.reibu.de\/en\/wp-json\/wp\/v2\/comments?post=320"}],"version-history":[{"count":12,"href":"https:\/\/www.reibu.de\/en\/wp-json\/wp\/v2\/pages\/320\/revisions"}],"predecessor-version":[{"id":479,"href":"https:\/\/www.reibu.de\/en\/wp-json\/wp\/v2\/pages\/320\/revisions\/479"}],"up":[{"embeddable":true,"href":"https:\/\/www.reibu.de\/en\/wp-json\/wp\/v2\/pages\/43"}],"wp:attachment":[{"href":"https:\/\/www.reibu.de\/en\/wp-json\/wp\/v2\/media?parent=320"}],"curies":[{"name":"wp","href":"https:\/\/api.w.org\/{rel}","templated":true}]}}