{"id":297,"date":"2017-02-04T18:04:26","date_gmt":"2017-02-04T17:04:26","guid":{"rendered":"http:\/\/www.reibu.de\/test\/wordpress\/?page_id=297"},"modified":"2017-04-20T20:59:30","modified_gmt":"2017-04-20T18:59:30","slug":"winkel-abkuehlvorrichtung","status":"publish","type":"page","link":"https:\/\/www.reibu.de\/en\/biegen-von-kunststoffplatten\/winkel-abkuehlvorrichtung\/","title":{"rendered":"Angle cooling device"},"content":{"rendered":"<div class=\"vc_row wpb_row vc_row-fluid\"><div class=\"wpb_column vc_column_container vc_col-sm-12\"><div class=\"vc_column-inner\"><div class=\"wpb_wrapper\"><div class=\"fancy_heading fancy_heading_line\"><div class=\"fh-top\"><\/div><h2 class=\"title\">Angle cooling device<\/h2><\/div>\n<\/div><\/div><\/div><\/div><div class=\"vc_row wpb_row vc_row-fluid\"><div class=\"wpb_column vc_column_container vc_col-sm-6\"><div class=\"vc_column-inner\"><div class=\"wpb_wrapper\">\n\t<div class=\"wpb_single_image wpb_content_element vc_align_left\">\n\t\t\n\t\t<figure class=\"wpb_wrapper vc_figure\">\n\t\t\t<div class=\"vc_single_image-wrapper   vc_box_border_grey\"><noscript><img fetchpriority=\"high\" decoding=\"async\" width=\"2560\" height=\"1920\" src=\"https:\/\/www.reibu.de\/test\/wordpress\/wp-content\/uploads\/2016\/11\/IMG_7618-Kopie-scaled.jpg\" class=\"vc_single_image-img attachment-full\" alt srcset=\"https:\/\/www.reibu.de\/test\/wordpress\/wp-content\/uploads\/2016\/11\/IMG_7618-Kopie-scaled.jpg 2560w, https:\/\/www.reibu.de\/test\/wordpress\/wp-content\/uploads\/2016\/11\/IMG_7618-Kopie-600x450.jpg 600w, https:\/\/www.reibu.de\/test\/wordpress\/wp-content\/uploads\/2016\/11\/IMG_7618-Kopie-300x225.jpg 300w, https:\/\/www.reibu.de\/test\/wordpress\/wp-content\/uploads\/2016\/11\/IMG_7618-Kopie-768x576.jpg 768w, https:\/\/www.reibu.de\/test\/wordpress\/wp-content\/uploads\/2016\/11\/IMG_7618-Kopie-1024x768.jpg 1024w, https:\/\/www.reibu.de\/test\/wordpress\/wp-content\/uploads\/2016\/11\/IMG_7618-Kopie-195x146.jpg 195w, https:\/\/www.reibu.de\/test\/wordpress\/wp-content\/uploads\/2016\/11\/IMG_7618-Kopie-50x38.jpg 50w, https:\/\/www.reibu.de\/test\/wordpress\/wp-content\/uploads\/2016\/11\/IMG_7618-Kopie-100x75.jpg 100w\" sizes=\"(max-width:767px) 480px, (max-width:2560px) 100vw, 2560px\"><\/noscript><img fetchpriority=\"high\" decoding=\"async\" width=\"2560\" height=\"1920\" src=\"data:image\/svg+xml,%3Csvg%20xmlns%3D%22http%3A%2F%2Fwww.w3.org%2F2000%2Fsvg%22%20viewBox%3D%220%200%202560%201920%22%3E%3C%2Fsvg%3E\" class=\"vc_single_image-img attachment-full lazyload\" alt srcset=\"data:image\/svg+xml,%3Csvg%20xmlns%3D%22http%3A%2F%2Fwww.w3.org%2F2000%2Fsvg%22%20viewBox%3D%220%200%202560%201920%22%3E%3C%2Fsvg%3E 2560w\" sizes=\"(max-width:767px) 480px, (max-width:2560px) 100vw, 2560px\" data-srcset=\"https:\/\/www.reibu.de\/test\/wordpress\/wp-content\/uploads\/2016\/11\/IMG_7618-Kopie-scaled.jpg 2560w, https:\/\/www.reibu.de\/test\/wordpress\/wp-content\/uploads\/2016\/11\/IMG_7618-Kopie-600x450.jpg 600w, https:\/\/www.reibu.de\/test\/wordpress\/wp-content\/uploads\/2016\/11\/IMG_7618-Kopie-300x225.jpg 300w, https:\/\/www.reibu.de\/test\/wordpress\/wp-content\/uploads\/2016\/11\/IMG_7618-Kopie-768x576.jpg 768w, https:\/\/www.reibu.de\/test\/wordpress\/wp-content\/uploads\/2016\/11\/IMG_7618-Kopie-1024x768.jpg 1024w, https:\/\/www.reibu.de\/test\/wordpress\/wp-content\/uploads\/2016\/11\/IMG_7618-Kopie-195x146.jpg 195w, https:\/\/www.reibu.de\/test\/wordpress\/wp-content\/uploads\/2016\/11\/IMG_7618-Kopie-50x38.jpg 50w, https:\/\/www.reibu.de\/test\/wordpress\/wp-content\/uploads\/2016\/11\/IMG_7618-Kopie-100x75.jpg 100w\" data-src=\"https:\/\/www.reibu.de\/test\/wordpress\/wp-content\/uploads\/2016\/11\/IMG_7618-Kopie-scaled.jpg\"><\/div>\n\t\t<\/figure>\n\t<\/div>\n<\/div><\/div><\/div><div class=\"wpb_column vc_column_container vc_col-sm-6\"><div class=\"vc_column-inner\"><div class=\"wpb_wrapper\">\n\t<div class=\"wpb_raw_code wpb_content_element wpb_raw_html\">\n\t\t<div class=\"wpb_wrapper\">\n\t\t\t<dl> \n<dt>Angle<\/dt> \n           <dd>from 0\u00b0 to 135\u00b0<\/dd> \n<dt>Lenght<\/dt> \n           <dd>1000mm<\/dd> \n<dt>Angle plate depth<\/dt> \n           <dd>500mm<\/dd> \n<\/dl>\n\t\t<\/div>\n\t<\/div>\n<div class=\"vc_separator wpb_content_element vc_separator_align_center vc_sep_width_100 vc_sep_border_width_3 vc_sep_pos_align_center vc_separator_no_text vc_sep_color_sky\"><span class=\"vc_sep_holder vc_sep_holder_l\"><span class=\"vc_sep_line\"><\/span><\/span><span class=\"vc_sep_holder vc_sep_holder_r\"><span class=\"vc_sep_line\"><\/span><\/span>\n<\/div>\n\t<div class=\"wpb_text_column wpb_content_element\">\n\t\t<div class=\"wpb_wrapper\">\n\t\t\t<p><span style=\"font-size: 18pt;\">Equipment<\/span><\/p>\n\n\t\t<\/div>\n\t<\/div>\n\n\t<div class=\"wpb_raw_code wpb_content_element wpb_raw_html\">\n\t\t<div class=\"wpb_wrapper\">\n\t\t\t<h4><ol> \n<li><p style=\"font-size:20px;\">Analog angle display<\/p><\/li>\n<li><p style=\"font-size:20px;\">Adjustable stops<\/p><\/li> \n<li><p style=\"font-size:20px;\">Analog display for stops<\/p><\/li> \n<\/ol><\/h4>\n\t\t<\/div>\n\t<\/div>\n<\/div><\/div><\/div><\/div><div class=\"vc_row wpb_row vc_row-fluid\"><div class=\"wpb_column vc_column_container vc_col-sm-2\"><div class=\"vc_column-inner\"><div class=\"wpb_wrapper\"><\/div><\/div><\/div><div class=\"wpb_column vc_column_container vc_col-sm-8\"><div class=\"vc_column-inner\"><div class=\"wpb_wrapper\">\n\t<div class=\"wpb_text_column wpb_content_element\">\n\t\t<div class=\"wpb_wrapper\">\n\t\t\t<p><span style=\"font-size: 14pt;\">Our angle cooling device has been developed for the professional cooling of small parts. Adjusting the angle is simple and straightforward. The angle is displayed analogously to you on a clock face.<\/span><\/p>\n<p><span style=\"font-size: 14pt;\">The use of two stops allows flexible use of the cooling device and reduces the use of fixation weights. This avoids possible scratches on the workpiece.<\/span><\/p>\n<p><span style=\"font-size: 14pt;\">The stops are manually adjustable and can be positioned quickly and easily using integrated measuring tapes.<\/span><\/p>\n\n\t\t<\/div>\n\t<\/div>\n<\/div><\/div><\/div><div class=\"wpb_column vc_column_container vc_col-sm-2\"><div class=\"vc_column-inner\"><div class=\"wpb_wrapper\"><\/div><\/div><\/div><\/div>","protected":false},"excerpt":{"rendered":"Winkel-Abk\u00fchlvorrichtung Winkel von 0\u00b0 bis 135\u00b0 L\u00e4nge 1000mm Schenkell\u00e4nge 500mm -Ausstattung Analoge Winkelanzeige Verstellbare Anschl\u00e4ge Analoge Anzeige f\u00fcr Anschl\u00e4ge Unsere Winkel-Abk\u00fchlvorrichtung ist f\u00fcr das professionelle Abk\u00fchlen<span class=\"excerpt-hellip\"> [\u2026]<\/span>","protected":false},"author":1,"featured_media":0,"parent":5,"menu_order":0,"comment_status":"closed","ping_status":"closed","template":"","meta":{"footnotes":""},"class_list":["post-297","page","type-page","status-publish","hentry"],"yoast_head":"<!-- This site is optimized with the Yoast SEO plugin v24.8.1 - https:\/\/yoast.com\/wordpress\/plugins\/seo\/ -->\n<title>Winkel-Abk\u00fchlvorrichtung - Reichel Bubenheimer<\/title>\n<meta name=\"robots\" content=\"index, follow, max-snippet:-1, max-image-preview:large, max-video-preview:-1\" \/>\n<link rel=\"canonical\" href=\"https:\/\/www.reibu.de\/en\/biegen-von-kunststoffplatten\/winkel-abkuehlvorrichtung\/\" \/>\n<meta name=\"twitter:label1\" content=\"Est. reading time\" \/>\n\t<meta name=\"twitter:data1\" content=\"1 minute\" \/>\n<script type=\"application\/ld+json\" class=\"yoast-schema-graph\">{\"@context\":\"https:\/\/schema.org\",\"@graph\":[{\"@type\":\"WebPage\",\"@id\":\"https:\/\/www.reibu.de\/biegen-von-kunststoffplatten\/winkel-abkuehlvorrichtung\/\",\"url\":\"https:\/\/www.reibu.de\/biegen-von-kunststoffplatten\/winkel-abkuehlvorrichtung\/\",\"name\":\"Winkel-Abk\u00fchlvorrichtung - Reichel Bubenheimer\",\"isPartOf\":{\"@id\":\"https:\/\/www.reibu.de\/#website\"},\"datePublished\":\"2017-02-04T17:04:26+00:00\",\"dateModified\":\"2017-04-20T18:59:30+00:00\",\"breadcrumb\":{\"@id\":\"https:\/\/www.reibu.de\/biegen-von-kunststoffplatten\/winkel-abkuehlvorrichtung\/#breadcrumb\"},\"inLanguage\":\"en-US\",\"potentialAction\":[{\"@type\":\"ReadAction\",\"target\":[\"https:\/\/www.reibu.de\/biegen-von-kunststoffplatten\/winkel-abkuehlvorrichtung\/\"]}]},{\"@type\":\"BreadcrumbList\",\"@id\":\"https:\/\/www.reibu.de\/biegen-von-kunststoffplatten\/winkel-abkuehlvorrichtung\/#breadcrumb\",\"itemListElement\":[{\"@type\":\"ListItem\",\"position\":1,\"name\":\"Startseite\",\"item\":\"https:\/\/www.reibu.de\/\"},{\"@type\":\"ListItem\",\"position\":2,\"name\":\"Biegen-von-Kunststoffplatten\",\"item\":\"https:\/\/www.reibu.de\/biegen-von-kunststoffplatten\/\"},{\"@type\":\"ListItem\",\"position\":3,\"name\":\"Winkel-Abk\u00fchlvorrichtung\"}]},{\"@type\":\"WebSite\",\"@id\":\"https:\/\/www.reibu.de\/#website\",\"url\":\"https:\/\/www.reibu.de\/\",\"name\":\"Reichel Bubenheimer\",\"description\":\"Acrylglasbearbeitung mit Reichel\",\"publisher\":{\"@id\":\"https:\/\/www.reibu.de\/#organization\"},\"potentialAction\":[{\"@type\":\"SearchAction\",\"target\":{\"@type\":\"EntryPoint\",\"urlTemplate\":\"https:\/\/www.reibu.de\/?s={search_term_string}\"},\"query-input\":{\"@type\":\"PropertyValueSpecification\",\"valueRequired\":true,\"valueName\":\"search_term_string\"}}],\"inLanguage\":\"en-US\"},{\"@type\":\"Organization\",\"@id\":\"https:\/\/www.reibu.de\/#organization\",\"name\":\"Reichel GmbH Bubenheimer Maschinen\",\"url\":\"https:\/\/www.reibu.de\/\",\"logo\":{\"@type\":\"ImageObject\",\"inLanguage\":\"en-US\",\"@id\":\"https:\/\/www.reibu.de\/#\/schema\/logo\/image\/\",\"url\":\"https:\/\/www.reibu.de\/test\/wordpress\/wp-content\/uploads\/2016\/12\/BWYU8348.jpg\",\"contentUrl\":\"https:\/\/www.reibu.de\/test\/wordpress\/wp-content\/uploads\/2016\/12\/BWYU8348.jpg\",\"width\":1649,\"height\":591,\"caption\":\"Reichel GmbH Bubenheimer Maschinen\"},\"image\":{\"@id\":\"https:\/\/www.reibu.de\/#\/schema\/logo\/image\/\"},\"sameAs\":[\"https:\/\/www.youtube.com\/channel\/UC-JIda3UAr2Hyp00L9spYTw\"]}]}<\/script>\n<!-- \/ Yoast SEO plugin. -->","yoast_head_json":{"title":"Winkel-Abk\u00fchlvorrichtung - Reichel Bubenheimer","robots":{"index":"index","follow":"follow","max-snippet":"max-snippet:-1","max-image-preview":"max-image-preview:large","max-video-preview":"max-video-preview:-1"},"canonical":"https:\/\/www.reibu.de\/en\/biegen-von-kunststoffplatten\/winkel-abkuehlvorrichtung\/","twitter_misc":{"Est. reading time":"1 minute"},"schema":{"@context":"https:\/\/schema.org","@graph":[{"@type":"WebPage","@id":"https:\/\/www.reibu.de\/biegen-von-kunststoffplatten\/winkel-abkuehlvorrichtung\/","url":"https:\/\/www.reibu.de\/biegen-von-kunststoffplatten\/winkel-abkuehlvorrichtung\/","name":"Winkel-Abk\u00fchlvorrichtung - Reichel Bubenheimer","isPartOf":{"@id":"https:\/\/www.reibu.de\/#website"},"datePublished":"2017-02-04T17:04:26+00:00","dateModified":"2017-04-20T18:59:30+00:00","breadcrumb":{"@id":"https:\/\/www.reibu.de\/biegen-von-kunststoffplatten\/winkel-abkuehlvorrichtung\/#breadcrumb"},"inLanguage":"en-US","potentialAction":[{"@type":"ReadAction","target":["https:\/\/www.reibu.de\/biegen-von-kunststoffplatten\/winkel-abkuehlvorrichtung\/"]}]},{"@type":"BreadcrumbList","@id":"https:\/\/www.reibu.de\/biegen-von-kunststoffplatten\/winkel-abkuehlvorrichtung\/#breadcrumb","itemListElement":[{"@type":"ListItem","position":1,"name":"Startseite","item":"https:\/\/www.reibu.de\/"},{"@type":"ListItem","position":2,"name":"Biegen-von-Kunststoffplatten","item":"https:\/\/www.reibu.de\/biegen-von-kunststoffplatten\/"},{"@type":"ListItem","position":3,"name":"Winkel-Abk\u00fchlvorrichtung"}]},{"@type":"WebSite","@id":"https:\/\/www.reibu.de\/#website","url":"https:\/\/www.reibu.de\/","name":"Reichel Bubenheimer","description":"Acrylglasbearbeitung mit Reichel","publisher":{"@id":"https:\/\/www.reibu.de\/#organization"},"potentialAction":[{"@type":"SearchAction","target":{"@type":"EntryPoint","urlTemplate":"https:\/\/www.reibu.de\/?s={search_term_string}"},"query-input":{"@type":"PropertyValueSpecification","valueRequired":true,"valueName":"search_term_string"}}],"inLanguage":"en-US"},{"@type":"Organization","@id":"https:\/\/www.reibu.de\/#organization","name":"Reichel GmbH Bubenheimer Maschinen","url":"https:\/\/www.reibu.de\/","logo":{"@type":"ImageObject","inLanguage":"en-US","@id":"https:\/\/www.reibu.de\/#\/schema\/logo\/image\/","url":"https:\/\/www.reibu.de\/test\/wordpress\/wp-content\/uploads\/2016\/12\/BWYU8348.jpg","contentUrl":"https:\/\/www.reibu.de\/test\/wordpress\/wp-content\/uploads\/2016\/12\/BWYU8348.jpg","width":1649,"height":591,"caption":"Reichel GmbH Bubenheimer Maschinen"},"image":{"@id":"https:\/\/www.reibu.de\/#\/schema\/logo\/image\/"},"sameAs":["https:\/\/www.youtube.com\/channel\/UC-JIda3UAr2Hyp00L9spYTw"]}]}},"jetpack_shortlink":"https:\/\/wp.me\/Pcq0RY-4N","jetpack_sharing_enabled":true,"_links":{"self":[{"href":"https:\/\/www.reibu.de\/en\/wp-json\/wp\/v2\/pages\/297","targetHints":{"allow":["GET"]}}],"collection":[{"href":"https:\/\/www.reibu.de\/en\/wp-json\/wp\/v2\/pages"}],"about":[{"href":"https:\/\/www.reibu.de\/en\/wp-json\/wp\/v2\/types\/page"}],"author":[{"embeddable":true,"href":"https:\/\/www.reibu.de\/en\/wp-json\/wp\/v2\/users\/1"}],"replies":[{"embeddable":true,"href":"https:\/\/www.reibu.de\/en\/wp-json\/wp\/v2\/comments?post=297"}],"version-history":[{"count":22,"href":"https:\/\/www.reibu.de\/en\/wp-json\/wp\/v2\/pages\/297\/revisions"}],"predecessor-version":[{"id":478,"href":"https:\/\/www.reibu.de\/en\/wp-json\/wp\/v2\/pages\/297\/revisions\/478"}],"up":[{"embeddable":true,"href":"https:\/\/www.reibu.de\/en\/wp-json\/wp\/v2\/pages\/5"}],"wp:attachment":[{"href":"https:\/\/www.reibu.de\/en\/wp-json\/wp\/v2\/media?parent=297"}],"curies":[{"name":"wp","href":"https:\/\/api.w.org\/{rel}","templated":true}]}}